{"id":563,"date":"2021-12-13T04:15:18","date_gmt":"2021-12-13T04:15:18","guid":{"rendered":"https:\/\/blockart-agency.sites.qsandbox.com\/?page_id=563"},"modified":"2023-08-21T22:00:02","modified_gmt":"2023-08-21T22:00:02","slug":"about","status":"publish","type":"page","link":"https:\/\/artemisadesigner.cl\/index.php\/about\/","title":{"rendered":"Quien Soy"},"content":{"rendered":"\t\t<div data-elementor-type=\"wp-page\" data-elementor-id=\"563\" class=\"elementor elementor-563\">\n\t\t\t\t\t\t\t\t\t<section class=\"elementor-section elementor-top-section elementor-element elementor-element-0925ebd elementor-section-height-min-height elementor-section-boxed elementor-section-height-default elementor-section-items-middle\" data-id=\"0925ebd\" data-element_type=\"section\" data-settings=\"{&quot;background_background&quot;:&quot;classic&quot;}\">\n\t\t\t\t\t\t<div class=\"elementor-container elementor-column-gap-default\">\n\t\t\t\t\t<div class=\"elementor-column elementor-col-100 elementor-top-column elementor-element elementor-element-1853deb\" data-id=\"1853deb\" data-element_type=\"column\" data-settings=\"{&quot;background_background&quot;:&quot;classic&quot;}\">\n\t\t\t<div class=\"elementor-widget-wrap elementor-element-populated\">\n\t\t\t\t\t\t\t\t<div class=\"elementor-element elementor-element-df77851 elementor-widget elementor-widget-heading\" data-id=\"df77851\" data-element_type=\"widget\" data-widget_type=\"heading.default\">\n\t\t\t\t<div class=\"elementor-widget-container\">\n\t\t\t<style>\/*! elementor - v3.14.0 - 26-06-2023 *\/\n.elementor-heading-title{padding:0;margin:0;line-height:1}.elementor-widget-heading .elementor-heading-title[class*=elementor-size-]>a{color:inherit;font-size:inherit;line-height:inherit}.elementor-widget-heading .elementor-heading-title.elementor-size-small{font-size:15px}.elementor-widget-heading .elementor-heading-title.elementor-size-medium{font-size:19px}.elementor-widget-heading .elementor-heading-title.elementor-size-large{font-size:29px}.elementor-widget-heading .elementor-heading-title.elementor-size-xl{font-size:39px}.elementor-widget-heading .elementor-heading-title.elementor-size-xxl{font-size:59px}<\/style><h1 class=\"elementor-heading-title elementor-size-default\">QUIEN SOY<\/h1>\t\t<\/div>\n\t\t\t\t<\/div>\n\t\t\t\t\t<\/div>\n\t\t<\/div>\n\t\t\t\t\t\t\t<\/div>\n\t\t<\/section>\n\t\t\t\t<section class=\"elementor-section elementor-top-section elementor-element elementor-element-7452a82 elementor-section-boxed elementor-section-height-default elementor-section-height-default\" data-id=\"7452a82\" data-element_type=\"section\">\n\t\t\t\t\t\t<div class=\"elementor-container elementor-column-gap-default\">\n\t\t\t\t\t<div class=\"elementor-column elementor-col-50 elementor-top-column elementor-element elementor-element-2e5eade\" data-id=\"2e5eade\" data-element_type=\"column\">\n\t\t\t<div class=\"elementor-widget-wrap elementor-element-populated\">\n\t\t\t\t\t\t\t\t<div class=\"elementor-element elementor-element-48c6bc6 elementor-widget elementor-widget-image\" data-id=\"48c6bc6\" data-element_type=\"widget\" data-widget_type=\"image.default\">\n\t\t\t\t<div class=\"elementor-widget-container\">\n\t\t\t<style>\/*! elementor - v3.14.0 - 26-06-2023 *\/\n.elementor-widget-image{text-align:center}.elementor-widget-image a{display:inline-block}.elementor-widget-image a img[src$=\".svg\"]{width:48px}.elementor-widget-image img{vertical-align:middle;display:inline-block}<\/style>\t\t\t\t\t\t\t\t\t\t\t\t<img decoding=\"async\" width=\"1471\" height=\"2560\" src=\"https:\/\/artemisadesigner.cl\/wp-content\/uploads\/2023\/07\/7503720-scaled.jpg\" class=\"attachment-full size-full wp-image-1231\" alt=\"\" loading=\"lazy\" srcset=\"https:\/\/artemisadesigner.cl\/wp-content\/uploads\/2023\/07\/7503720-scaled.jpg 1471w, https:\/\/artemisadesigner.cl\/wp-content\/uploads\/2023\/07\/7503720-172x300.jpg 172w, https:\/\/artemisadesigner.cl\/wp-content\/uploads\/2023\/07\/7503720-589x1024.jpg 589w, https:\/\/artemisadesigner.cl\/wp-content\/uploads\/2023\/07\/7503720-768x1336.jpg 768w, https:\/\/artemisadesigner.cl\/wp-content\/uploads\/2023\/07\/7503720-883x1536.jpg 883w, https:\/\/artemisadesigner.cl\/wp-content\/uploads\/2023\/07\/7503720-1177x2048.jpg 1177w\" sizes=\"(max-width: 1471px) 100vw, 1471px\" \/>\t\t\t\t\t\t\t\t\t\t\t\t\t\t\t<\/div>\n\t\t\t\t<\/div>\n\t\t\t\t\t<\/div>\n\t\t<\/div>\n\t\t\t\t<div class=\"elementor-column elementor-col-50 elementor-top-column elementor-element elementor-element-a70b059\" data-id=\"a70b059\" data-element_type=\"column\">\n\t\t\t<div class=\"elementor-widget-wrap elementor-element-populated\">\n\t\t\t\t\t\t\t\t<div class=\"elementor-element elementor-element-e8186d1 elementor-widget elementor-widget-text-editor\" data-id=\"e8186d1\" data-element_type=\"widget\" data-widget_type=\"text-editor.default\">\n\t\t\t\t<div class=\"elementor-widget-container\">\n\t\t\t<style>\/*! elementor - v3.14.0 - 26-06-2023 *\/\n.elementor-widget-text-editor.elementor-drop-cap-view-stacked .elementor-drop-cap{background-color:#69727d;color:#fff}.elementor-widget-text-editor.elementor-drop-cap-view-framed .elementor-drop-cap{color:#69727d;border:3px solid;background-color:transparent}.elementor-widget-text-editor:not(.elementor-drop-cap-view-default) .elementor-drop-cap{margin-top:8px}.elementor-widget-text-editor:not(.elementor-drop-cap-view-default) .elementor-drop-cap-letter{width:1em;height:1em}.elementor-widget-text-editor .elementor-drop-cap{float:left;text-align:center;line-height:1;font-size:50px}.elementor-widget-text-editor .elementor-drop-cap-letter{display:inline-block}<\/style>\t\t\t\t<p><span style=\"color: #ff6600;\">\u00a1Bienvenidos a Artemisa Designer<\/span>, el m\u00e1gico epicentro del dise\u00f1o y la impresi\u00f3n en Concepci\u00f3n, Chile!<\/p><p>En Artemisa Designer, nos enorgullecemos de ser los guardianes de la creatividad y los art\u00edfices de la magia impresa. Nuestra pasi\u00f3n es dar vida a tus ideas, transformando lo ordinario en extraordinario a trav\u00e9s del poder del dise\u00f1o y la impresi\u00f3n.<\/p><p>Nuestro equipo de talentosos dise\u00f1adores y artistas, liderados por la enigm\u00e1tica Artemisa, se sumergen en los reinos de la imaginaci\u00f3n para crear obras maestras que deslumbran y cautivan. Cada proyecto es una b\u00fasqueda apasionante en la que combinamos el arte y la ciencia para materializar tus sue\u00f1os en formas tangibles.<\/p><p>En nuestro santuario de escritorio, descubrir\u00e1s una amplia colecci\u00f3n de art\u00edculos que capturan la esencia del buen gusto y la elegancia. Desde exquisitos bol\u00edgrafos hasta elegantes cuadernos, cada art\u00edculo es seleccionado con meticulosa atenci\u00f3n para llevar tu experiencia de escritura a un nivel celestial.<\/p><p>Pero eso no es todo; en Artemisa Designer, tambi\u00e9n dominamos el arte de la magia publicitaria. Nuestros regalos promocionales, imbuidos con hechizos de branding, se convierten en poderosas herramientas para destacar tu negocio en el competitivo mundo moderno. Tu marca se elevar\u00e1 a nuevas alturas mientras te embarcas en un viaje hacia el \u00e9xito comercial.<\/p><p>Ubicados en la inspiradora ciudad de Concepci\u00f3n, Chile, nuestro hogar est\u00e1 imbuido de la rica historia y el encanto de esta tierra m\u00e1gica. Desde aqu\u00ed, desplegamos nuestros conjuros creativos y extendemos nuestras alas para llegar a todas las mentes y corazones que buscan la magia del dise\u00f1o y la impresi\u00f3n.<\/p><p>As\u00ed que si anhelas desentra\u00f1ar los secretos de la creatividad, si buscas una experiencia de impresi\u00f3n como ninguna otra y si deseas impulsar tu marca con un toque de magia, \u00fanete a nosotros en Artemisa Designer. D\u00e9janos ser tu gu\u00eda en este viaje \u00fanico hacia la maravilla y el \u00e9xtasis del arte impreso. \u00a1Bienvenido a nuestro mundo encantado!<\/p>\t\t\t\t\t\t<\/div>\n\t\t\t\t<\/div>\n\t\t\t\t\t<\/div>\n\t\t<\/div>\n\t\t\t\t\t\t\t<\/div>\n\t\t<\/section>\n\t\t\t\t<section class=\"elementor-section elementor-top-section elementor-element elementor-element-8888f0f elementor-section-boxed elementor-section-height-default elementor-section-height-default\" data-id=\"8888f0f\" data-element_type=\"section\">\n\t\t\t\t\t\t<div class=\"elementor-container elementor-column-gap-default\">\n\t\t\t\t\t<div class=\"elementor-column elementor-col-100 elementor-top-column elementor-element elementor-element-727157a\" data-id=\"727157a\" data-element_type=\"column\">\n\t\t\t<div class=\"elementor-widget-wrap elementor-element-populated\">\n\t\t\t\t\t\t\t\t<div class=\"elementor-element elementor-element-f795acb elementor-widget-divider--view-line elementor-widget elementor-widget-divider\" data-id=\"f795acb\" data-element_type=\"widget\" data-widget_type=\"divider.default\">\n\t\t\t\t<div class=\"elementor-widget-container\">\n\t\t\t<style>\/*! elementor - v3.14.0 - 26-06-2023 *\/\n.elementor-widget-divider{--divider-border-style:none;--divider-border-width:1px;--divider-color:#0c0d0e;--divider-icon-size:20px;--divider-element-spacing:10px;--divider-pattern-height:24px;--divider-pattern-size:20px;--divider-pattern-url:none;--divider-pattern-repeat:repeat-x}.elementor-widget-divider .elementor-divider{display:flex}.elementor-widget-divider .elementor-divider__text{font-size:15px;line-height:1;max-width:95%}.elementor-widget-divider .elementor-divider__element{margin:0 var(--divider-element-spacing);flex-shrink:0}.elementor-widget-divider .elementor-icon{font-size:var(--divider-icon-size)}.elementor-widget-divider .elementor-divider-separator{display:flex;margin:0;direction:ltr}.elementor-widget-divider--view-line_icon .elementor-divider-separator,.elementor-widget-divider--view-line_text .elementor-divider-separator{align-items:center}.elementor-widget-divider--view-line_icon .elementor-divider-separator:after,.elementor-widget-divider--view-line_icon .elementor-divider-separator:before,.elementor-widget-divider--view-line_text .elementor-divider-separator:after,.elementor-widget-divider--view-line_text .elementor-divider-separator:before{display:block;content:\"\";border-bottom:0;flex-grow:1;border-top:var(--divider-border-width) var(--divider-border-style) var(--divider-color)}.elementor-widget-divider--element-align-left .elementor-divider .elementor-divider-separator>.elementor-divider__svg:first-of-type{flex-grow:0;flex-shrink:100}.elementor-widget-divider--element-align-left .elementor-divider-separator:before{content:none}.elementor-widget-divider--element-align-left .elementor-divider__element{margin-left:0}.elementor-widget-divider--element-align-right .elementor-divider .elementor-divider-separator>.elementor-divider__svg:last-of-type{flex-grow:0;flex-shrink:100}.elementor-widget-divider--element-align-right .elementor-divider-separator:after{content:none}.elementor-widget-divider--element-align-right .elementor-divider__element{margin-right:0}.elementor-widget-divider:not(.elementor-widget-divider--view-line_text):not(.elementor-widget-divider--view-line_icon) .elementor-divider-separator{border-top:var(--divider-border-width) var(--divider-border-style) var(--divider-color)}.elementor-widget-divider--separator-type-pattern{--divider-border-style:none}.elementor-widget-divider--separator-type-pattern.elementor-widget-divider--view-line .elementor-divider-separator,.elementor-widget-divider--separator-type-pattern:not(.elementor-widget-divider--view-line) .elementor-divider-separator:after,.elementor-widget-divider--separator-type-pattern:not(.elementor-widget-divider--view-line) .elementor-divider-separator:before,.elementor-widget-divider--separator-type-pattern:not([class*=elementor-widget-divider--view]) .elementor-divider-separator{width:100%;min-height:var(--divider-pattern-height);-webkit-mask-size:var(--divider-pattern-size) 100%;mask-size:var(--divider-pattern-size) 100%;-webkit-mask-repeat:var(--divider-pattern-repeat);mask-repeat:var(--divider-pattern-repeat);background-color:var(--divider-color);-webkit-mask-image:var(--divider-pattern-url);mask-image:var(--divider-pattern-url)}.elementor-widget-divider--no-spacing{--divider-pattern-size:auto}.elementor-widget-divider--bg-round{--divider-pattern-repeat:round}.rtl .elementor-widget-divider .elementor-divider__text{direction:rtl}.e-con-inner>.elementor-widget-divider,.e-con>.elementor-widget-divider{width:var(--container-widget-width,100%);--flex-grow:var(--container-widget-flex-grow)}<\/style>\t\t<div class=\"elementor-divider\">\n\t\t\t<span class=\"elementor-divider-separator\">\n\t\t\t\t\t\t<\/span>\n\t\t<\/div>\n\t\t\t\t<\/div>\n\t\t\t\t<\/div>\n\t\t\t\t\t<\/div>\n\t\t<\/div>\n\t\t\t\t\t\t\t<\/div>\n\t\t<\/section>\n\t\t\t\t<section class=\"elementor-section elementor-top-section elementor-element elementor-element-ad16da8 elementor-section-boxed elementor-section-height-default elementor-section-height-default\" data-id=\"ad16da8\" data-element_type=\"section\">\n\t\t\t\t\t\t<div class=\"elementor-container elementor-column-gap-default\">\n\t\t\t\t\t<div class=\"elementor-column elementor-col-50 elementor-top-column elementor-element elementor-element-d0726de\" data-id=\"d0726de\" data-element_type=\"column\">\n\t\t\t<div class=\"elementor-widget-wrap elementor-element-populated\">\n\t\t\t\t\t\t\t\t<div class=\"elementor-element elementor-element-3bdb6c6 elementor-widget elementor-widget-heading\" data-id=\"3bdb6c6\" data-element_type=\"widget\" data-widget_type=\"heading.default\">\n\t\t\t\t<div class=\"elementor-widget-container\">\n\t\t\t<h2 class=\"elementor-heading-title elementor-size-default\">Misi\u00f3n<\/h2>\t\t<\/div>\n\t\t\t\t<\/div>\n\t\t\t\t<div class=\"elementor-element elementor-element-607abf8 elementor-widget elementor-widget-text-editor\" data-id=\"607abf8\" data-element_type=\"widget\" data-widget_type=\"text-editor.default\">\n\t\t\t\t<div class=\"elementor-widget-container\">\n\t\t\t\t\t\t\t<p>Nuestra misi\u00f3n en Artemisa Designer es ser el epicentro de la creatividad y la magia impresa, ofreciendo dise\u00f1os \u00fanicos y originales que cautiven los corazones de nuestros clientes. Nos esforzamos por brindar un servicio de excelencia, donde cada proyecto sea una b\u00fasqueda apasionante en la que transformamos las ideas en obras maestras tangibles. Inspirados por la belleza y el encanto de Concepci\u00f3n, Chile, buscamos ser la fuente de momentos especiales y regalos inolvidables, entregando siempre calidad y magia en cada creaci\u00f3n.<\/p>\t\t\t\t\t\t<\/div>\n\t\t\t\t<\/div>\n\t\t\t\t\t<\/div>\n\t\t<\/div>\n\t\t\t\t<div class=\"elementor-column elementor-col-50 elementor-top-column elementor-element elementor-element-61bf10f\" data-id=\"61bf10f\" data-element_type=\"column\">\n\t\t\t<div class=\"elementor-widget-wrap elementor-element-populated\">\n\t\t\t\t\t\t\t\t<div class=\"elementor-element elementor-element-ccdae00 elementor-widget elementor-widget-heading\" data-id=\"ccdae00\" data-element_type=\"widget\" data-widget_type=\"heading.default\">\n\t\t\t\t<div class=\"elementor-widget-container\">\n\t\t\t<h2 class=\"elementor-heading-title elementor-size-default\">Visi\u00f3n<\/h2>\t\t<\/div>\n\t\t\t\t<\/div>\n\t\t\t\t<div class=\"elementor-element elementor-element-7f3d9a2 elementor-widget elementor-widget-text-editor\" data-id=\"7f3d9a2\" data-element_type=\"widget\" data-widget_type=\"text-editor.default\">\n\t\t\t\t<div class=\"elementor-widget-container\">\n\t\t\t\t\t\t\t<p>Nuestra visi\u00f3n en Artemisa Designer es ser reconocidos como l\u00edderes en la industria del dise\u00f1o y la impresi\u00f3n, tanto a nivel local como internacional. Buscamos ser una fuente inagotable de inspiraci\u00f3n para nuestros clientes, ofreciendo productos \u00fanicos y personalizados que reflejen su estilo y personalidad. Deseamos expandir nuestro alcance y seguir creando alianzas duraderas con nuestros clientes, siendo su compa\u00f1ero de confianza en la materializaci\u00f3n de sus sue\u00f1os y momentos m\u00e1s preciados. Impulsados por la pasi\u00f3n por el arte y la innovaci\u00f3n, nos esforzamos por superar las expectativas y mantenernos a la vanguardia de la creatividad, llevando la magia impresa a cada rinc\u00f3n del mundo.<\/p>\t\t\t\t\t\t<\/div>\n\t\t\t\t<\/div>\n\t\t\t\t\t<\/div>\n\t\t<\/div>\n\t\t\t\t\t\t\t<\/div>\n\t\t<\/section>\n\t\t\t\t\t\t\t<\/div>\n\t\t","protected":false},"excerpt":{"rendered":"<p>QUIEN SOY \u00a1Bienvenidos a Artemisa Designer, el m\u00e1gico epicentro del dise\u00f1o y la impresi\u00f3n en Concepci\u00f3n, Chile! En Artemisa Designer, nos enorgullecemos de ser los guardianes de la creatividad y los art\u00edfices de la magia impresa. Nuestra pasi\u00f3n es dar vida a tus ideas, transformando lo ordinario en extraordinario a trav\u00e9s del poder del dise\u00f1o [&hellip;]<\/p>\n","protected":false},"author":1,"featured_media":0,"parent":0,"menu_order":0,"comment_status":"closed","ping_status":"closed","template":"page-templates\/pagebuilder.php","meta":[],"yoast_head":"<!-- This site is optimized with the Yoast SEO plugin v20.12 - https:\/\/yoast.com\/wordpress\/plugins\/seo\/ -->\n<title>Quien Soy - ArtemisaDesigner<\/title>\n<meta name=\"robots\" content=\"index, follow, max-snippet:-1, max-image-preview:large, max-video-preview:-1\" \/>\n<link rel=\"canonical\" href=\"https:\/\/artemisadesigner.cl\/index.php\/about\/\" \/>\n<meta property=\"og:locale\" content=\"es_ES\" \/>\n<meta property=\"og:type\" content=\"article\" \/>\n<meta property=\"og:title\" content=\"Quien Soy - ArtemisaDesigner\" \/>\n<meta property=\"og:description\" content=\"QUIEN SOY \u00a1Bienvenidos a Artemisa Designer, el m\u00e1gico epicentro del dise\u00f1o y la impresi\u00f3n en Concepci\u00f3n, Chile! En Artemisa Designer, nos enorgullecemos de ser los guardianes de la creatividad y los art\u00edfices de la magia impresa. Nuestra pasi\u00f3n es dar vida a tus ideas, transformando lo ordinario en extraordinario a trav\u00e9s del poder del dise\u00f1o [&hellip;]\" \/>\n<meta property=\"og:url\" content=\"https:\/\/artemisadesigner.cl\/index.php\/about\/\" \/>\n<meta property=\"og:site_name\" content=\"ArtemisaDesigner\" \/>\n<meta property=\"article:modified_time\" content=\"2023-08-21T22:00:02+00:00\" \/>\n<meta property=\"og:image\" content=\"https:\/\/artemisadesigner.cl\/wp-content\/uploads\/2023\/07\/7503720-scaled.jpg\" \/>\n<meta name=\"twitter:card\" content=\"summary_large_image\" \/>\n<meta name=\"twitter:label1\" content=\"Est. reading time\" \/>\n\t<meta name=\"twitter:data1\" content=\"3 minutos\" \/>\n<script type=\"application\/ld+json\" class=\"yoast-schema-graph\">{\"@context\":\"https:\/\/schema.org\",\"@graph\":[{\"@type\":\"WebPage\",\"@id\":\"https:\/\/artemisadesigner.cl\/index.php\/about\/\",\"url\":\"https:\/\/artemisadesigner.cl\/index.php\/about\/\",\"name\":\"Quien Soy - ArtemisaDesigner\",\"isPartOf\":{\"@id\":\"https:\/\/artemisadesigner.cl\/#website\"},\"datePublished\":\"2021-12-13T04:15:18+00:00\",\"dateModified\":\"2023-08-21T22:00:02+00:00\",\"breadcrumb\":{\"@id\":\"https:\/\/artemisadesigner.cl\/index.php\/about\/#breadcrumb\"},\"inLanguage\":\"es-CL\",\"potentialAction\":[{\"@type\":\"ReadAction\",\"target\":[\"https:\/\/artemisadesigner.cl\/index.php\/about\/\"]}]},{\"@type\":\"BreadcrumbList\",\"@id\":\"https:\/\/artemisadesigner.cl\/index.php\/about\/#breadcrumb\",\"itemListElement\":[{\"@type\":\"ListItem\",\"position\":1,\"name\":\"Portada\",\"item\":\"https:\/\/artemisadesigner.cl\/\"},{\"@type\":\"ListItem\",\"position\":2,\"name\":\"Quien Soy\"}]},{\"@type\":\"WebSite\",\"@id\":\"https:\/\/artemisadesigner.cl\/#website\",\"url\":\"https:\/\/artemisadesigner.cl\/\",\"name\":\"ArtemisaDesigner\",\"description\":\"\",\"publisher\":{\"@id\":\"https:\/\/artemisadesigner.cl\/#organization\"},\"potentialAction\":[{\"@type\":\"SearchAction\",\"target\":{\"@type\":\"EntryPoint\",\"urlTemplate\":\"https:\/\/artemisadesigner.cl\/?s={search_term_string}\"},\"query-input\":\"required name=search_term_string\"}],\"inLanguage\":\"es-CL\"},{\"@type\":\"Organization\",\"@id\":\"https:\/\/artemisadesigner.cl\/#organization\",\"name\":\"ArtemisaDesigner\",\"url\":\"https:\/\/artemisadesigner.cl\/\",\"logo\":{\"@type\":\"ImageObject\",\"inLanguage\":\"es-CL\",\"@id\":\"https:\/\/artemisadesigner.cl\/#\/schema\/logo\/image\/\",\"url\":\"https:\/\/artemisadesigner.cl\/wp-content\/uploads\/2022\/04\/cropped-favicon.png\",\"contentUrl\":\"https:\/\/artemisadesigner.cl\/wp-content\/uploads\/2022\/04\/cropped-favicon.png\",\"width\":170,\"height\":60,\"caption\":\"ArtemisaDesigner\"},\"image\":{\"@id\":\"https:\/\/artemisadesigner.cl\/#\/schema\/logo\/image\/\"}}]}<\/script>\n<!-- \/ Yoast SEO plugin. -->","yoast_head_json":{"title":"Quien Soy - ArtemisaDesigner","robots":{"index":"index","follow":"follow","max-snippet":"max-snippet:-1","max-image-preview":"max-image-preview:large","max-video-preview":"max-video-preview:-1"},"canonical":"https:\/\/artemisadesigner.cl\/index.php\/about\/","og_locale":"es_ES","og_type":"article","og_title":"Quien Soy - ArtemisaDesigner","og_description":"QUIEN SOY \u00a1Bienvenidos a Artemisa Designer, el m\u00e1gico epicentro del dise\u00f1o y la impresi\u00f3n en Concepci\u00f3n, Chile! En Artemisa Designer, nos enorgullecemos de ser los guardianes de la creatividad y los art\u00edfices de la magia impresa. Nuestra pasi\u00f3n es dar vida a tus ideas, transformando lo ordinario en extraordinario a trav\u00e9s del poder del dise\u00f1o [&hellip;]","og_url":"https:\/\/artemisadesigner.cl\/index.php\/about\/","og_site_name":"ArtemisaDesigner","article_modified_time":"2023-08-21T22:00:02+00:00","og_image":[{"url":"https:\/\/artemisadesigner.cl\/wp-content\/uploads\/2023\/07\/7503720-scaled.jpg"}],"twitter_card":"summary_large_image","twitter_misc":{"Est. reading time":"3 minutos"},"schema":{"@context":"https:\/\/schema.org","@graph":[{"@type":"WebPage","@id":"https:\/\/artemisadesigner.cl\/index.php\/about\/","url":"https:\/\/artemisadesigner.cl\/index.php\/about\/","name":"Quien Soy - ArtemisaDesigner","isPartOf":{"@id":"https:\/\/artemisadesigner.cl\/#website"},"datePublished":"2021-12-13T04:15:18+00:00","dateModified":"2023-08-21T22:00:02+00:00","breadcrumb":{"@id":"https:\/\/artemisadesigner.cl\/index.php\/about\/#breadcrumb"},"inLanguage":"es-CL","potentialAction":[{"@type":"ReadAction","target":["https:\/\/artemisadesigner.cl\/index.php\/about\/"]}]},{"@type":"BreadcrumbList","@id":"https:\/\/artemisadesigner.cl\/index.php\/about\/#breadcrumb","itemListElement":[{"@type":"ListItem","position":1,"name":"Portada","item":"https:\/\/artemisadesigner.cl\/"},{"@type":"ListItem","position":2,"name":"Quien Soy"}]},{"@type":"WebSite","@id":"https:\/\/artemisadesigner.cl\/#website","url":"https:\/\/artemisadesigner.cl\/","name":"ArtemisaDesigner","description":"","publisher":{"@id":"https:\/\/artemisadesigner.cl\/#organization"},"potentialAction":[{"@type":"SearchAction","target":{"@type":"EntryPoint","urlTemplate":"https:\/\/artemisadesigner.cl\/?s={search_term_string}"},"query-input":"required name=search_term_string"}],"inLanguage":"es-CL"},{"@type":"Organization","@id":"https:\/\/artemisadesigner.cl\/#organization","name":"ArtemisaDesigner","url":"https:\/\/artemisadesigner.cl\/","logo":{"@type":"ImageObject","inLanguage":"es-CL","@id":"https:\/\/artemisadesigner.cl\/#\/schema\/logo\/image\/","url":"https:\/\/artemisadesigner.cl\/wp-content\/uploads\/2022\/04\/cropped-favicon.png","contentUrl":"https:\/\/artemisadesigner.cl\/wp-content\/uploads\/2022\/04\/cropped-favicon.png","width":170,"height":60,"caption":"ArtemisaDesigner"},"image":{"@id":"https:\/\/artemisadesigner.cl\/#\/schema\/logo\/image\/"}}]}},"_links":{"self":[{"href":"https:\/\/artemisadesigner.cl\/index.php\/wp-json\/wp\/v2\/pages\/563"}],"collection":[{"href":"https:\/\/artemisadesigner.cl\/index.php\/wp-json\/wp\/v2\/pages"}],"about":[{"href":"https:\/\/artemisadesigner.cl\/index.php\/wp-json\/wp\/v2\/types\/page"}],"author":[{"embeddable":true,"href":"https:\/\/artemisadesigner.cl\/index.php\/wp-json\/wp\/v2\/users\/1"}],"replies":[{"embeddable":true,"href":"https:\/\/artemisadesigner.cl\/index.php\/wp-json\/wp\/v2\/comments?post=563"}],"version-history":[{"count":30,"href":"https:\/\/artemisadesigner.cl\/index.php\/wp-json\/wp\/v2\/pages\/563\/revisions"}],"predecessor-version":[{"id":1333,"href":"https:\/\/artemisadesigner.cl\/index.php\/wp-json\/wp\/v2\/pages\/563\/revisions\/1333"}],"wp:attachment":[{"href":"https:\/\/artemisadesigner.cl\/index.php\/wp-json\/wp\/v2\/media?parent=563"}],"curies":[{"name":"wp","href":"https:\/\/api.w.org\/{rel}","templated":true}]}}